{"id":2784,"date":"2023-10-09T07:54:28","date_gmt":"2023-10-09T07:54:28","guid":{"rendered":"https:\/\/themeholy.com\/wordpress\/konta\/?page_id=2784"},"modified":"2024-10-10T09:17:26","modified_gmt":"2024-10-10T09:17:26","slug":"kurumsal","status":"publish","type":"page","link":"https:\/\/rimaayakkabi.com\/v1\/kurumsal\/","title":{"rendered":"Kurumsal"},"content":{"rendered":"\t\t<div data-elementor-type=\"wp-page\" data-elementor-id=\"2784\" class=\"elementor elementor-2784\">\n\t\t\t\t\t\t<section class=\"elementor-section elementor-top-section elementor-element elementor-element-a7c31c3 elementor-section-full_width elementor-section-height-default elementor-section-height-default\" data-id=\"a7c31c3\" data-element_type=\"section\" data-settings=\"{&quot;background_background&quot;:&quot;classic&quot;}\">\n\t\t\t\t\t\t<div class=\"elementor-container elementor-column-gap-no\">\n\t\t\t\t\t<div class=\"elementor-column elementor-col-100 elementor-top-column elementor-element elementor-element-bc0bd27\" data-id=\"bc0bd27\" data-element_type=\"column\">\n\t\t\t<div class=\"elementor-widget-wrap elementor-element-populated\">\n\t\t\t\t\t\t<section class=\"elementor-section elementor-inner-section elementor-element elementor-element-2a3f745 elementor-section-boxed elementor-section-height-default elementor-section-height-default\" data-id=\"2a3f745\" data-element_type=\"section\">\n\t\t\t\t\t\t<div class=\"elementor-container elementor-column-gap-no\">\n\t\t\t\t\t<div class=\"elementor-column elementor-col-50 elementor-inner-column elementor-element elementor-element-095a510\" data-id=\"095a510\" data-element_type=\"column\">\n\t\t\t<div class=\"elementor-widget-wrap elementor-element-populated\">\n\t\t\t\t\t\t<div class=\"elementor-element elementor-element-737e388 animated-slow elementor-invisible elementor-widget elementor-widget-image\" data-id=\"737e388\" data-element_type=\"widget\" data-settings=\"{&quot;_animation&quot;:&quot;fadeInRight&quot;}\" data-widget_type=\"image.default\">\n\t\t\t\t<div class=\"elementor-widget-container\">\n\t\t\t\t\t\t\t\t\t\t\t\t\t<img fetchpriority=\"high\" decoding=\"async\" width=\"751\" height=\"751\" src=\"https:\/\/rimaayakkabi.com\/v1\/wp-content\/uploads\/2023\/10\/t4.jpg\" class=\"attachment-large size-large wp-image-4823\" alt=\"\" srcset=\"https:\/\/rimaayakkabi.com\/v1\/wp-content\/uploads\/2023\/10\/t4.jpg 900w, https:\/\/rimaayakkabi.com\/v1\/wp-content\/uploads\/2023\/10\/t4-300x300.jpg 300w, https:\/\/rimaayakkabi.com\/v1\/wp-content\/uploads\/2023\/10\/t4-150x150.jpg 150w, https:\/\/rimaayakkabi.com\/v1\/wp-content\/uploads\/2023\/10\/t4-768x768.jpg 768w, https:\/\/rimaayakkabi.com\/v1\/wp-content\/uploads\/2023\/10\/t4-85x85.jpg 85w, https:\/\/rimaayakkabi.com\/v1\/wp-content\/uploads\/2023\/10\/t4-600x600.jpg 600w, https:\/\/rimaayakkabi.com\/v1\/wp-content\/uploads\/2023\/10\/t4-100x100.jpg 100w, https:\/\/rimaayakkabi.com\/v1\/wp-content\/uploads\/2023\/10\/t4-460x460.jpg 460w\" sizes=\"(max-width: 751px) 100vw, 751px\" \/>\t\t\t\t\t\t\t\t\t\t\t\t\t<\/div>\n\t\t\t\t<\/div>\n\t\t\t\t\t<\/div>\n\t\t<\/div>\n\t\t\t\t<div class=\"elementor-column elementor-col-50 elementor-inner-column elementor-element elementor-element-4714f0e\" data-id=\"4714f0e\" data-element_type=\"column\">\n\t\t\t<div class=\"elementor-widget-wrap elementor-element-populated\">\n\t\t\t\t\n\t\t<div class=\"elementor-element elementor-element-94d5b29 elementor-widget elementor-widget-kontasectiontitle\" data-id=\"94d5b29\" data-element_type=\"widget\" data-widget_type=\"kontasectiontitle.default\">\n\t\t\t\t<div class=\"elementor-widget-container\">\n\t\t\t<div class=\"title-area mb-30\" ><h2 class=\"sec-title  title-selector\">Biz Kimiz ?<\/h2><\/div><p class=\"desc-selector\">Uzun y\u0131llardan beri T\u00fcrkiye\u2019de toptanc\u0131l\u0131k \u00fczerine faaliyetlerini devam ettiren \u015firketimiz, online toptan al\u0131\u015fveri\u015fin en g\u00fc\u00e7l\u00fc ismi olma yolunda ad\u0131mlar atm\u0131\u015ft\u0131r. Kurdu\u011fumuz hayaller ve ula\u015ft\u0131\u011f\u0131m\u0131z hedeflerle bug\u00fcnlere geldik. Sekt\u00f6re bir soluk ve yenilik getirmek \u00fczere daha da ilerilere gidece\u011fiz. Online toptan al\u0131\u015fveri\u015fi geli\u015ftirecek, hizmet anlay\u0131\u015f\u0131m\u0131zla fark yarataca\u011f\u0131z. <\/p>\t\t<\/div>\n\t\t\t\t<\/div>\n\t\t\t\t<div class=\"elementor-element elementor-element-be38a66 elementor-widget elementor-widget-kontafeature\" data-id=\"be38a66\" data-element_type=\"widget\" data-widget_type=\"kontafeature.default\">\n\t\t\t\t<div class=\"elementor-widget-container\">\n\t\t\t<div class=\"about-grid2\"><div class=\"icon\"><img decoding=\"async\" src=\"https:\/\/themeholy.com\/wordpress\/konta\/wp-content\/uploads\/2023\/09\/about-grid-icon1.svg\" alt=\"about grid icon1\"  \/><\/div><div class=\"about-grid-details\"><h3 class=\"about-grid_title title-selector h6\">V\u0130ZYONUMUZ<\/h3><p class=\"desc-selector\">Firmam\u0131z\u0131n ulusal \/ uluslararas\u0131 pazarda etkinli\u011fini ve verimlili\u011fini artt\u0131rmak amac\u0131yla kendi uzmanl\u0131k alan\u0131m\u0131zda kendi y\u00f6ntemlerini s\u00fcrekli geli\u015ftiren, sekt\u00f6r\u00fcn \u00f6nc\u00fcl\u00fc\u011f\u00fcn\u00fc yapan, T\u00fcrkiye\u00b4nin g\u00fcvenilir ve sayg\u0131n kurulu\u015fu olmak.<\/p><\/div><\/div><div class=\"about-grid2\"><div class=\"icon\"><img decoding=\"async\" src=\"https:\/\/themeholy.com\/wordpress\/konta\/wp-content\/uploads\/2023\/09\/about-grid-icon2.svg\" alt=\"about grid icon2\"  \/><\/div><div class=\"about-grid-details\"><h3 class=\"about-grid_title title-selector h6\">M\u0130SYONUMUZ\n<\/h3><p class=\"desc-selector\">\u00dcr\u00fcn ve hizmet kalitemizi s\u00fcrekli geli\u015ftirerek m\u00fc\u015fteri talep ve beklentilerini en \u00fcst seviyede kar\u015f\u0131lamak,\n\nG\u00fc\u00e7l\u00fc bir ileti\u015fim ile t\u00fcketicimizle aram\u0131zda duygusal bir ba\u011f yaratmak ve m\u00fc\u015fteri sadakatini sa\u011flamak,\n\nYurt i\u00e7i ve yurt d\u0131\u015f\u0131nda ma\u011fazalar zincirini b\u00fcy\u00fcterek en \u00e7ok tercih edilen lider ayakkab\u0131 zinciri olmak, rekabet g\u00fcc\u00fcm\u00fcz\u00fc ve k\u00e2rl\u0131l\u0131\u011f\u0131m\u0131z\u0131 artt\u0131rmak.<\/p><\/div><\/div>\t\t<\/div>\n\t\t\t\t<\/div>\n\t\t\t\t\t<\/div>\n\t\t<\/div>\n\t\t\t\t\t<\/div>\n\t\t<\/section>\n\t\t\t\t\t<\/div>\n\t\t<\/div>\n\t\t\t\t\t<\/div>\n\t\t<\/section>\n\t\t\t\t<\/div>\n\t\t","protected":false},"excerpt":{"rendered":"<p>Biz Kimiz ? Uzun y\u0131llardan beri T\u00fcrkiye\u2019de toptanc\u0131l\u0131k \u00fczerine faaliyetlerini devam ettiren \u015firketimiz, online toptan al\u0131\u015fveri\u015fin en g\u00fc\u00e7l\u00fc ismi olma yolunda ad\u0131mlar atm\u0131\u015ft\u0131r. Kurdu\u011fumuz hayaller ve ula\u015ft\u0131\u011f\u0131m\u0131z hedeflerle bug\u00fcnlere geldik. Sekt\u00f6re bir soluk ve yenilik getirmek \u00fczere daha da ilerilere gidece\u011fiz. Online toptan al\u0131\u015fveri\u015fi geli\u015ftirecek, hizmet anlay\u0131\u015f\u0131m\u0131zla fark yarataca\u011f\u0131z. V\u0130ZYONUMUZ Firmam\u0131z\u0131n ulusal \/ uluslararas\u0131 pazarda&#8230;<\/p>\n","protected":false},"author":1,"featured_media":0,"parent":0,"menu_order":0,"comment_status":"closed","ping_status":"closed","template":"template-builder.php","meta":{"footnotes":""},"class_list":["post-2784","page","type-page","status-publish","hentry"],"_links":{"self":[{"href":"https:\/\/rimaayakkabi.com\/v1\/wp-json\/wp\/v2\/pages\/2784","targetHints":{"allow":["GET"]}}],"collection":[{"href":"https:\/\/rimaayakkabi.com\/v1\/wp-json\/wp\/v2\/pages"}],"about":[{"href":"https:\/\/rimaayakkabi.com\/v1\/wp-json\/wp\/v2\/types\/page"}],"author":[{"embeddable":true,"href":"https:\/\/rimaayakkabi.com\/v1\/wp-json\/wp\/v2\/users\/1"}],"replies":[{"embeddable":true,"href":"https:\/\/rimaayakkabi.com\/v1\/wp-json\/wp\/v2\/comments?post=2784"}],"version-history":[{"count":26,"href":"https:\/\/rimaayakkabi.com\/v1\/wp-json\/wp\/v2\/pages\/2784\/revisions"}],"predecessor-version":[{"id":5124,"href":"https:\/\/rimaayakkabi.com\/v1\/wp-json\/wp\/v2\/pages\/2784\/revisions\/5124"}],"wp:attachment":[{"href":"https:\/\/rimaayakkabi.com\/v1\/wp-json\/wp\/v2\/media?parent=2784"}],"curies":[{"name":"wp","href":"https:\/\/api.w.org\/{rel}","templated":true}]}}