{"id":3037,"date":"2023-10-09T15:42:09","date_gmt":"2023-10-09T15:42:09","guid":{"rendered":"https:\/\/themeholy.com\/wordpress\/konta\/?page_id=3037"},"modified":"2024-10-10T09:19:05","modified_gmt":"2024-10-10T09:19:05","slug":"iletisim","status":"publish","type":"page","link":"https:\/\/rimaayakkabi.com\/v1\/iletisim\/","title":{"rendered":"\u0130leti\u015fim"},"content":{"rendered":"\t\t<div data-elementor-type=\"wp-page\" data-elementor-id=\"3037\" class=\"elementor elementor-3037\">\n\t\t\t\t\t\t<section class=\"elementor-section elementor-top-section elementor-element elementor-element-3924e3b elementor-section-full_width elementor-section-height-default elementor-section-height-default\" data-id=\"3924e3b\" data-element_type=\"section\">\n\t\t\t\t\t\t<div class=\"elementor-container elementor-column-gap-no\">\n\t\t\t\t\t<div class=\"elementor-column elementor-col-100 elementor-top-column elementor-element elementor-element-24e7f52\" data-id=\"24e7f52\" data-element_type=\"column\">\n\t\t\t<div class=\"elementor-widget-wrap elementor-element-populated\">\n\t\t\t\t\t\t<section class=\"elementor-section elementor-inner-section elementor-element elementor-element-c7f38fa elementor-section-boxed elementor-section-height-default elementor-section-height-default\" data-id=\"c7f38fa\" data-element_type=\"section\">\n\t\t\t\t\t\t<div class=\"elementor-container elementor-column-gap-no\">\n\t\t\t\t\t<div class=\"elementor-column elementor-col-100 elementor-inner-column elementor-element elementor-element-7faaaf0\" data-id=\"7faaaf0\" data-element_type=\"column\">\n\t\t\t<div class=\"elementor-widget-wrap elementor-element-populated\">\n\t\t\t\t\t\t<div class=\"elementor-element elementor-element-9a59e01 elementor-widget elementor-widget-text-editor\" data-id=\"9a59e01\" data-element_type=\"widget\" data-widget_type=\"text-editor.default\">\n\t\t\t\t<div class=\"elementor-widget-container\">\n\t\t\t\t\t\t\t<div class=\"title-area text-center\"><h2 class=\"sec-title\">\u0130leti\u015fim<\/h2><\/div>\t\t\t\t\t\t<\/div>\n\t\t\t\t<\/div>\n\t\t\n\t\t<div class=\"elementor-element elementor-element-cf3e58b elementor-widget elementor-widget-kontacontactinfov2\" data-id=\"cf3e58b\" data-element_type=\"widget\" data-widget_type=\"kontacontactinfov2.default\">\n\t\t\t\t<div class=\"elementor-widget-container\">\n\t\t\t<div class=\"row gy-4 justify-content-center\"><div class=\"col-xl-4 col-lg-6\"><div class=\"contact-feature\"><div class=\"contact-feature-icon\"><i class=\"fal fa-location-dot\"><\/i><\/div><div class=\"media-body\"><p class=\"contact-feature_label\">Adresimiz<\/p><span class=\"contact-info_text\">Sar\u0131yakup Mah.23022 SK.No:7 Seyhan \/ Adana<\/span><\/div><\/div><\/div><div class=\"col-xl-4 col-lg-6\"><div class=\"contact-feature\"><div class=\"contact-feature-icon\"><i class=\"fal fa-phone\"><\/i><\/div><div class=\"media-body\"><p class=\"contact-feature_label\">\u0130leti\u015fim Numaram\u0131z :<\/p><a href=\"tel:+905346368285\" class=\"contact-feature_link\">Mobile: +90 534 636 82 85<\/a><a href=\"mailto:info@rimaayakkabi.com\" class=\"contact-feature_link\">Email: info@rimaayakkabi.com<\/a><\/div><\/div><\/div><div class=\"col-xl-4 col-lg-6\"><div class=\"contact-feature\"><div class=\"contact-feature-icon\"><i class=\"fal fa-clock\"><\/i><\/div><div class=\"media-body\"><p class=\"contact-feature_label\">A\u00e7\u0131l\u0131\u015f Saatimiz<\/p>Hafta i\u00e7i her g\u00fcn 08:00 ile 20:00 Saatleri aras\u0131 a\u00e7\u0131\u011f\u0131z<\/div><\/div><\/div><\/div>\t\t<\/div>\n\t\t\t\t<\/div>\n\t\t\t\t\t<\/div>\n\t\t<\/div>\n\t\t\t\t\t<\/div>\n\t\t<\/section>\n\t\t\t\t\t<\/div>\n\t\t<\/div>\n\t\t\t\t\t<\/div>\n\t\t<\/section>\n\t\t\t\t<section class=\"elementor-section elementor-top-section elementor-element elementor-element-a37de8e elementor-section-full_width elementor-section-height-default elementor-section-height-default\" data-id=\"a37de8e\" data-element_type=\"section\">\n\t\t\t\t\t\t<div class=\"elementor-container elementor-column-gap-no\">\n\t\t\t\t\t<div class=\"elementor-column elementor-col-100 elementor-top-column elementor-element elementor-element-3ffebe0\" data-id=\"3ffebe0\" data-element_type=\"column\">\n\t\t\t<div class=\"elementor-widget-wrap elementor-element-populated\">\n\t\t\t\t\t\t<section class=\"elementor-section elementor-inner-section elementor-element elementor-element-0a7d486 elementor-section-boxed elementor-section-height-default elementor-section-height-default\" data-id=\"0a7d486\" data-element_type=\"section\">\n\t\t\t\t\t\t<div class=\"elementor-container elementor-column-gap-no\">\n\t\t\t\t\t<div class=\"elementor-column elementor-col-100 elementor-inner-column elementor-element elementor-element-5393122\" data-id=\"5393122\" data-element_type=\"column\">\n\t\t\t<div class=\"elementor-widget-wrap elementor-element-populated\">\n\t\t\t\t\t\t<div class=\"elementor-element elementor-element-11dec92 elementor-widget elementor-widget-kontacontactform\" data-id=\"11dec92\" data-element_type=\"widget\" data-widget_type=\"kontacontactform.default\">\n\t\t\t\t<div class=\"elementor-widget-container\">\n\t\t\t<div class=\"align-self-center\"><div class=\"testi-contace-wrap bg-white\"><div class=\"contact-form-wrap\"><h2 class=\"title h4 text-center\">Mesaj G\u00f6nder<\/h2>\n<div class=\"wpcf7 no-js\" id=\"wpcf7-f6-o1\" lang=\"tr-TR\" dir=\"ltr\">\n<div class=\"screen-reader-response\"><p role=\"status\" aria-live=\"polite\" aria-atomic=\"true\"><\/p> <ul><\/ul><\/div>\n<form action=\"\/v1\/wp-json\/wp\/v2\/pages\/3037#wpcf7-f6-o1\" method=\"post\" class=\"wpcf7-form init\" aria-label=\"\u0130leti\u015fim Formu\" novalidate=\"novalidate\" data-status=\"init\">\n<div style=\"display: none;\">\n<input type=\"hidden\" name=\"_wpcf7\" value=\"6\" \/>\n<input type=\"hidden\" name=\"_wpcf7_version\" value=\"5.9.8\" \/>\n<input type=\"hidden\" name=\"_wpcf7_locale\" value=\"tr_TR\" \/>\n<input type=\"hidden\" name=\"_wpcf7_unit_tag\" value=\"wpcf7-f6-o1\" \/>\n<input type=\"hidden\" name=\"_wpcf7_container_post\" value=\"0\" \/>\n<input type=\"hidden\" name=\"_wpcf7_posted_data_hash\" value=\"\" \/>\n<\/div>\n<label> Ad\u0131n\u0131z\n    <span class=\"wpcf7-form-control-wrap\" data-name=\"your-name\"><input size=\"40\" maxlength=\"400\" class=\"wpcf7-form-control wpcf7-text wpcf7-validates-as-required\" autocomplete=\"name\" aria-required=\"true\" aria-invalid=\"false\" value=\"\" type=\"text\" name=\"your-name\" \/><\/span> <\/label>\n\n<label> E-posta adresiniz\n    <span class=\"wpcf7-form-control-wrap\" data-name=\"your-email\"><input size=\"40\" maxlength=\"400\" class=\"wpcf7-form-control wpcf7-email wpcf7-validates-as-required wpcf7-text wpcf7-validates-as-email\" autocomplete=\"email\" aria-required=\"true\" aria-invalid=\"false\" value=\"\" type=\"email\" name=\"your-email\" \/><\/span> <\/label>\n\n<label> Konu\n    <span class=\"wpcf7-form-control-wrap\" data-name=\"your-subject\"><input size=\"40\" maxlength=\"400\" class=\"wpcf7-form-control wpcf7-text wpcf7-validates-as-required\" aria-required=\"true\" aria-invalid=\"false\" value=\"\" type=\"text\" name=\"your-subject\" \/><\/span> <\/label>\n\n<label> \u0130letiniz (tercihe ba\u011fl\u0131)\n    <span class=\"wpcf7-form-control-wrap\" data-name=\"your-message\"><textarea cols=\"40\" rows=\"10\" maxlength=\"2000\" class=\"wpcf7-form-control wpcf7-textarea\" aria-invalid=\"false\" name=\"your-message\"><\/textarea><\/span> <\/label>\n\n<input class=\"wpcf7-form-control wpcf7-submit has-spinner\" type=\"submit\" value=\"G\u00f6nder\" \/><div class=\"wpcf7-response-output\" aria-hidden=\"true\"><\/div>\n<\/form>\n<\/div>\n<\/div><\/div><\/div>\t\t<\/div>\n\t\t\t\t<\/div>\n\t\t\t\t\t<\/div>\n\t\t<\/div>\n\t\t\t\t\t<\/div>\n\t\t<\/section>\n\t\t\t\t\t<\/div>\n\t\t<\/div>\n\t\t\t\t\t<\/div>\n\t\t<\/section>\n\t\t\t\t<\/div>\n\t\t","protected":false},"excerpt":{"rendered":"<p>\u0130leti\u015fim Adresimiz Sar\u0131yakup Mah.23022 SK.No:7 Seyhan \/ Adana \u0130leti\u015fim Numaram\u0131z : Mobile: +90 534 636 82 85Email: info@rimaayakkabi.com A\u00e7\u0131l\u0131\u015f Saatimiz Hafta i\u00e7i her g\u00fcn 08:00 ile 20:00 Saatleri aras\u0131 a\u00e7\u0131\u011f\u0131z Mesaj G\u00f6nder Ad\u0131n\u0131z E-posta adresiniz Konu \u0130letiniz (tercihe ba\u011fl\u0131)<\/p>\n","protected":false},"author":1,"featured_media":0,"parent":0,"menu_order":0,"comment_status":"closed","ping_status":"closed","template":"template-builder.php","meta":{"footnotes":""},"class_list":["post-3037","page","type-page","status-publish","hentry"],"_links":{"self":[{"href":"https:\/\/rimaayakkabi.com\/v1\/wp-json\/wp\/v2\/pages\/3037","targetHints":{"allow":["GET"]}}],"collection":[{"href":"https:\/\/rimaayakkabi.com\/v1\/wp-json\/wp\/v2\/pages"}],"about":[{"href":"https:\/\/rimaayakkabi.com\/v1\/wp-json\/wp\/v2\/types\/page"}],"author":[{"embeddable":true,"href":"https:\/\/rimaayakkabi.com\/v1\/wp-json\/wp\/v2\/users\/1"}],"replies":[{"embeddable":true,"href":"https:\/\/rimaayakkabi.com\/v1\/wp-json\/wp\/v2\/comments?post=3037"}],"version-history":[{"count":10,"href":"https:\/\/rimaayakkabi.com\/v1\/wp-json\/wp\/v2\/pages\/3037\/revisions"}],"predecessor-version":[{"id":5128,"href":"https:\/\/rimaayakkabi.com\/v1\/wp-json\/wp\/v2\/pages\/3037\/revisions\/5128"}],"wp:attachment":[{"href":"https:\/\/rimaayakkabi.com\/v1\/wp-json\/wp\/v2\/media?parent=3037"}],"curies":[{"name":"wp","href":"https:\/\/api.w.org\/{rel}","templated":true}]}}