{"id":4578,"date":"2023-09-07T05:20:50","date_gmt":"2023-09-07T05:20:50","guid":{"rendered":"https:\/\/themeholy.com\/wordpress\/konta\/?page_id=2"},"modified":"2024-10-03T07:17:45","modified_gmt":"2024-10-03T07:17:45","slug":"fason-ayakkabi-imalati","status":"publish","type":"page","link":"https:\/\/rimaayakkabi.com\/v1\/fason-ayakkabi-imalati\/","title":{"rendered":"Fason Ayakkab\u0131 \u0130malat\u0131"},"content":{"rendered":"\t\t<div data-elementor-type=\"wp-page\" data-elementor-id=\"4578\" class=\"elementor elementor-4578\">\n\t\t\t\t<div class=\"elementor-element elementor-element-ec885e2 e-con-full e-flex e-con e-parent\" data-id=\"ec885e2\" data-element_type=\"container\">\n\t\t\t\t<div class=\"elementor-element elementor-element-61e2c36 elementor-widget elementor-widget-html\" data-id=\"61e2c36\" data-element_type=\"widget\" data-widget_type=\"html.default\">\n\t\t\t\t<div class=\"elementor-widget-container\">\n\t\t\t<h1>Fason Ayakkab\u0131 \u0130malat\u0131<\/h1>\r\n<p>Bir\u00e7ok ki\u015fi taraf\u0131ndan bilinen fason imalat sisteminin genel tan\u0131m\u0131, imalat\u0131 yap\u0131lacak olan \u00fcr\u00fcn\u00fcn malzemeleri marka sahibi taraf\u0131ndan kar\u015f\u0131lanarak ba\u015fka bir firmaya yapt\u0131r\u0131lmas\u0131d\u0131r. Yurtd\u0131\u015f\u0131nda olduk\u00e7a yayg\u0131n olarak kullan\u0131lan bir y\u00f6ntem olan bu \u00fcretim \u015fekli T\u00fcrkiye\u2019de de olduk\u00e7a yayg\u0131n olarak kullan\u0131lmaktad\u0131r. Bu imalat neticesinde bir\u00e7ok d\u00fcnyaca \u00fcnl\u00fc markan\u0131n \u00fcretimleri daha uygun bir \u015fekilde ger\u00e7ekle\u015fmektedir. Bu \u00fcretim modeli i\u00e7erisinde yer alan ayakkab\u0131 imalat\u0131 da di\u011fer \u00fcr\u00fcnler gibi r\u00f6van\u015fta olan ve yayg\u0131n bir \u015fekilde imalat\u0131 ger\u00e7ekle\u015ftirilen bir \u00fcr\u00fcn olarak bilinir. Ultra ayakkab\u0131 firmas\u0131 olarak fason ayakkab\u0131 imalat\u0131n\u0131 hizmet b\u00f6lgesi olan \u0130stanbul'da ger\u00e7ekle\u015fmektedir. Gerek spor gerek ise bot olmak \u00fczere her t\u00fcrl\u00fc ayakkab\u0131 imalat\u0131 bu sistem ile ger\u00e7ekle\u015fmektedir.<\/p>\r\n<p><strong>Fason Ayakkab\u0131 \u00dcretimi<\/strong><br \/>Uzun y\u0131llardan beri yap\u0131lmakta olan fason \u00fcretim ile firmalar\u0131n satmay\u0131 planlam\u0131\u015f oldu\u011fu baz\u0131 temel \u00fcr\u00fcnleri farkl\u0131 firmalara vermi\u015f olduklar\u0131 sipari\u015fler ve ayn\u0131 zamanda niteliklerine g\u00f6re \u00fcretimin ger\u00e7ekle\u015fmesine fason \u00fcretim denmektedir. Her t\u00fcrl\u00fc \u00fcr\u00fcnde kullan\u0131lan bu \u00fcretim \u015fekli genellikle \u00e7anta, tekstil ve ayakkab\u0131 gibi \u00fcr\u00fcnlerde tercih edilmektedir. \u0130nsanlar\u0131n g\u00fcn\u00fcm\u00fczde daha \u00e7ok ayakkab\u0131ya kar\u015f\u0131 olan ilgisinin artmas\u0131 ile fason ayakkab\u0131 \u00fcretimi olduk\u00e7a pop\u00fcler bir hale gelmektedir. Spor ayakkab\u0131 ve i\u015f g\u00fcvenli\u011fi, askeri bot ve benzeri bir\u00e7ok ayakkab\u0131 \u00fcretimini fason ayakkab\u0131 \u00fcretimi ile sa\u011flan\u0131r. Bu \u00fcretim i\u015fleminde gerek fason dikim gerek ise deri kesim y\u00f6ntemleri olduk\u00e7a hassas bir \u015fekilde profesyonel teknikler ile Ultra ayakkab\u0131 firmas\u0131 ger\u00e7ekle\u015ftirmektedir.<\/p>\t\t<\/div>\n\t\t\t\t<\/div>\n\t\t\t\t<\/div>\n\t\t\t\t<\/div>\n\t\t","protected":false},"excerpt":{"rendered":"<p>Fason Ayakkab\u0131 \u0130malat\u0131 Bir\u00e7ok ki\u015fi taraf\u0131ndan bilinen fason imalat sisteminin genel tan\u0131m\u0131, imalat\u0131 yap\u0131lacak olan \u00fcr\u00fcn\u00fcn malzemeleri marka sahibi taraf\u0131ndan kar\u015f\u0131lanarak ba\u015fka bir firmaya yapt\u0131r\u0131lmas\u0131d\u0131r. Yurtd\u0131\u015f\u0131nda olduk\u00e7a yayg\u0131n olarak kullan\u0131lan bir y\u00f6ntem olan bu \u00fcretim \u015fekli T\u00fcrkiye\u2019de de olduk\u00e7a yayg\u0131n olarak kullan\u0131lmaktad\u0131r. Bu imalat neticesinde bir\u00e7ok d\u00fcnyaca \u00fcnl\u00fc markan\u0131n \u00fcretimleri daha uygun bir \u015fekilde ger\u00e7ekle\u015fmektedir&#8230;.<\/p>\n","protected":false},"author":1,"featured_media":0,"parent":0,"menu_order":0,"comment_status":"closed","ping_status":"open","template":"template-builder.php","meta":{"footnotes":""},"class_list":["post-4578","page","type-page","status-publish","hentry"],"_links":{"self":[{"href":"https:\/\/rimaayakkabi.com\/v1\/wp-json\/wp\/v2\/pages\/4578","targetHints":{"allow":["GET"]}}],"collection":[{"href":"https:\/\/rimaayakkabi.com\/v1\/wp-json\/wp\/v2\/pages"}],"about":[{"href":"https:\/\/rimaayakkabi.com\/v1\/wp-json\/wp\/v2\/types\/page"}],"author":[{"embeddable":true,"href":"https:\/\/rimaayakkabi.com\/v1\/wp-json\/wp\/v2\/users\/1"}],"replies":[{"embeddable":true,"href":"https:\/\/rimaayakkabi.com\/v1\/wp-json\/wp\/v2\/comments?post=4578"}],"version-history":[{"count":5,"href":"https:\/\/rimaayakkabi.com\/v1\/wp-json\/wp\/v2\/pages\/4578\/revisions"}],"predecessor-version":[{"id":5093,"href":"https:\/\/rimaayakkabi.com\/v1\/wp-json\/wp\/v2\/pages\/4578\/revisions\/5093"}],"wp:attachment":[{"href":"https:\/\/rimaayakkabi.com\/v1\/wp-json\/wp\/v2\/media?parent=4578"}],"curies":[{"name":"wp","href":"https:\/\/api.w.org\/{rel}","templated":true}]}}