{"id":4929,"date":"2024-10-01T09:50:49","date_gmt":"2024-10-01T09:50:49","guid":{"rendered":"https:\/\/rimaayakkabi.com\/v1\/?page_id=4929"},"modified":"2024-10-10T09:20:29","modified_gmt":"2024-10-10T09:20:29","slug":"toptan-satis","status":"publish","type":"page","link":"https:\/\/rimaayakkabi.com\/v1\/toptan-satis\/","title":{"rendered":"Toptan Sat\u0131\u015f"},"content":{"rendered":"\t\t<div data-elementor-type=\"wp-page\" data-elementor-id=\"4929\" class=\"elementor elementor-4929\">\n\t\t\t\t<div class=\"elementor-element elementor-element-5ef75f9 e-flex e-con-boxed e-con e-parent\" data-id=\"5ef75f9\" data-element_type=\"container\">\n\t\t\t\t\t<div class=\"e-con-inner\">\n\t\t\t\t<div class=\"elementor-element elementor-element-e468f08 elementor-widget elementor-widget-text-editor\" data-id=\"e468f08\" data-element_type=\"widget\" data-widget_type=\"text-editor.default\">\n\t\t\t\t<div class=\"elementor-widget-container\">\n\t\t\t\t\t\t\t<p>Toptan Sipari\u015f vermeden \u00d6nce l\u00fctfen bizi aray\u0131n. Olu\u015fabilecek her hangi bir durumda sizlere daha kaliteli bir hizmet sunmak i\u00e7in buraday\u0131z. A\u015fa\u011f\u0131daki formu L\u00fctfen Doldurun.<\/p>\t\t\t\t\t\t<\/div>\n\t\t\t\t<\/div>\n\t\t\n\t\t<div class=\"elementor-element elementor-element-cce5d79 elementor-widget elementor-widget-kontacontactform\" data-id=\"cce5d79\" data-element_type=\"widget\" data-widget_type=\"kontacontactform.default\">\n\t\t\t\t<div class=\"elementor-widget-container\">\n\t\t\t<div class=\"wcu-contact-wrap bg-white\"><div class=\"contact-form-wrap\"><h2 class=\"title h4 text-center\">Toptan Sipari\u015f Formu<\/h2><div class=\"contact-form\">\n<div class=\"wpcf7 no-js\" id=\"wpcf7-f2576-o1\" lang=\"en-US\" dir=\"ltr\">\n<div class=\"screen-reader-response\"><p role=\"status\" aria-live=\"polite\" aria-atomic=\"true\"><\/p> <ul><\/ul><\/div>\n<form action=\"\/v1\/wp-json\/wp\/v2\/pages\/4929#wpcf7-f2576-o1\" method=\"post\" class=\"wpcf7-form init\" aria-label=\"Contact form\" novalidate=\"novalidate\" data-status=\"init\">\n<div style=\"display: none;\">\n<input type=\"hidden\" name=\"_wpcf7\" value=\"2576\" \/>\n<input type=\"hidden\" name=\"_wpcf7_version\" value=\"5.9.8\" \/>\n<input type=\"hidden\" name=\"_wpcf7_locale\" value=\"en_US\" \/>\n<input type=\"hidden\" name=\"_wpcf7_unit_tag\" value=\"wpcf7-f2576-o1\" \/>\n<input type=\"hidden\" name=\"_wpcf7_container_post\" value=\"0\" \/>\n<input type=\"hidden\" name=\"_wpcf7_posted_data_hash\" value=\"\" \/>\n<\/div>\n<div class=\"row\">\n    <div class=\"col-md-12\">\n        <div class=\"form-group\">\n           <span class=\"wpcf7-form-control-wrap\" data-name=\"text-898\"><input size=\"40\" maxlength=\"400\" class=\"wpcf7-form-control wpcf7-text wpcf7-validates-as-required form-control\" id=\"text-898\" aria-required=\"true\" aria-invalid=\"false\" placeholder=\"Ad Soyad*\" value=\"\" type=\"text\" name=\"text-898\" \/><\/span><i class=\"fal fa-user\"><\/i>\n        <\/div>\n    <\/div>\n    <div class=\"col-md-12\">\n        <div class=\"form-group\">\n            <span class=\"wpcf7-form-control-wrap\" data-name=\"email-432\"><input size=\"40\" maxlength=\"400\" class=\"wpcf7-form-control wpcf7-email wpcf7-validates-as-required wpcf7-text wpcf7-validates-as-email form-control\" id=\"email-432\" aria-required=\"true\" aria-invalid=\"false\" placeholder=\"E-Mail Adres*\" value=\"\" type=\"email\" name=\"email-432\" \/><\/span><i class=\"fal fa-envelope\"><\/i>\n        <\/div>\n    <\/div>\n    <div class=\"col-md-12\">\n        <div class=\"form-group\">\n            <span class=\"wpcf7-form-control-wrap\" data-name=\"tel-602\"><input size=\"40\" maxlength=\"400\" class=\"wpcf7-form-control wpcf7-tel wpcf7-validates-as-required wpcf7-text wpcf7-validates-as-tel form-control\" id=\"tel-602\" aria-required=\"true\" aria-invalid=\"false\" value=\"Telefon Numaras\u0131*\" type=\"tel\" name=\"tel-602\" \/><\/span><i class=\"fal fa-phone\"><\/i>\n        <\/div>\n    <\/div>\n    <div class=\"col-md-12\">\n        <div class=\"form-group\">\n           <span class=\"wpcf7-form-control-wrap\" data-name=\"menu-80\"><select class=\"wpcf7-form-control wpcf7-select nice-select form-select\" id=\"menu-80\" aria-invalid=\"false\" name=\"menu-80\"><option value=\"Sipari\u015f\">Sipari\u015f<\/option><option value=\"Sipari\u015f \u0130ptal\">Sipari\u015f \u0130ptal<\/option><option value=\"Sipari\u015f Hakk\u0131nda\">Sipari\u015f Hakk\u0131nda<\/option><option value=\"Adres De\u011fi\u015fikli\u011fi\">Adres De\u011fi\u015fikli\u011fi<\/option><\/select><\/span>\n        <\/div>\n    <\/div>\n    <div class=\"col-12\">\n        <div class=\"form-group \">\n            <span class=\"wpcf7-form-control-wrap\" data-name=\"textarea-922\"><textarea cols=\"40\" rows=\"10\" maxlength=\"2000\" class=\"wpcf7-form-control wpcf7-textarea wpcf7-validates-as-required form-control\" id=\"textarea-922\" aria-required=\"true\" aria-invalid=\"false\" placeholder=\"Mesaj\u0131n\u0131z*\" name=\"textarea-922\"><\/textarea><\/span><i class=\"fal fa-pen\"><\/i>\n        <\/div>\n    <\/div>\n    <div class=\"form-btn col-12\">\n        <button class=\"th-btn w-100\">G\u00f6nder<i class=\"fas fa-long-arrow-right ms-2\"><\/i><\/button>\n    <\/div>\n<\/div>\n<p class=\"form-messages mb-0 mt-3\"><\/p><div class=\"wpcf7-response-output\" aria-hidden=\"true\"><\/div>\n<\/form>\n<\/div>\n<\/div><\/div><\/div>\t\t<\/div>\n\t\t\t\t<\/div>\n\t\t\t\t\t<\/div>\n\t\t\t\t<\/div>\n\t\t\t\t<\/div>\n\t\t","protected":false},"excerpt":{"rendered":"<p>Toptan Sipari\u015f vermeden \u00d6nce l\u00fctfen bizi aray\u0131n. Olu\u015fabilecek her hangi bir durumda sizlere daha kaliteli bir hizmet sunmak i\u00e7in buraday\u0131z. A\u015fa\u011f\u0131daki formu L\u00fctfen Doldurun. Toptan Sipari\u015f Formu Sipari\u015fSipari\u015f \u0130ptalSipari\u015f Hakk\u0131ndaAdres De\u011fi\u015fikli\u011fi G\u00f6nder<\/p>\n","protected":false},"author":1,"featured_media":0,"parent":0,"menu_order":0,"comment_status":"closed","ping_status":"closed","template":"template-builder.php","meta":{"footnotes":""},"class_list":["post-4929","page","type-page","status-publish","hentry"],"_links":{"self":[{"href":"https:\/\/rimaayakkabi.com\/v1\/wp-json\/wp\/v2\/pages\/4929","targetHints":{"allow":["GET"]}}],"collection":[{"href":"https:\/\/rimaayakkabi.com\/v1\/wp-json\/wp\/v2\/pages"}],"about":[{"href":"https:\/\/rimaayakkabi.com\/v1\/wp-json\/wp\/v2\/types\/page"}],"author":[{"embeddable":true,"href":"https:\/\/rimaayakkabi.com\/v1\/wp-json\/wp\/v2\/users\/1"}],"replies":[{"embeddable":true,"href":"https:\/\/rimaayakkabi.com\/v1\/wp-json\/wp\/v2\/comments?post=4929"}],"version-history":[{"count":23,"href":"https:\/\/rimaayakkabi.com\/v1\/wp-json\/wp\/v2\/pages\/4929\/revisions"}],"predecessor-version":[{"id":5133,"href":"https:\/\/rimaayakkabi.com\/v1\/wp-json\/wp\/v2\/pages\/4929\/revisions\/5133"}],"wp:attachment":[{"href":"https:\/\/rimaayakkabi.com\/v1\/wp-json\/wp\/v2\/media?parent=4929"}],"curies":[{"name":"wp","href":"https:\/\/api.w.org\/{rel}","templated":true}]}}