{"id":5094,"date":"2024-10-03T07:19:21","date_gmt":"2024-10-03T07:19:21","guid":{"rendered":"https:\/\/rimaayakkabi.com\/v1\/?page_id=5094"},"modified":"2024-10-03T07:25:07","modified_gmt":"2024-10-03T07:25:07","slug":"fason-spor-ayakkabi-imalati","status":"publish","type":"page","link":"https:\/\/rimaayakkabi.com\/v1\/fason-spor-ayakkabi-imalati\/","title":{"rendered":"Fason Spor Ayakkab\u0131 \u0130malat\u0131"},"content":{"rendered":"\t\t<div data-elementor-type=\"wp-page\" data-elementor-id=\"5094\" class=\"elementor elementor-5094\">\n\t\t\t\t<div class=\"elementor-element elementor-element-65ca87b e-con-full e-flex e-con e-parent\" data-id=\"65ca87b\" data-element_type=\"container\">\n\t\t\t\t<div class=\"elementor-element elementor-element-7ee8891 elementor-widget elementor-widget-html\" data-id=\"7ee8891\" data-element_type=\"widget\" data-widget_type=\"html.default\">\n\t\t\t\t<div class=\"elementor-widget-container\">\n\t\t\t<h1>Fason Spor Ayakkab\u0131 \u0130malat\u0131<\/h1>\r\n\u00dclkemizde ve hatta yurtd\u0131\u015f\u0131nda olduk\u00e7a yayg\u0131n olarak ba\u015fvurulan bir y\u00f6ntem olan fason sistemi bir\u00e7ok konuda firmalara avantaj ve kolayl\u0131k sa\u011flamaktad\u0131r. Her t\u00fcrl\u00fc a\u00e7\u0131dan ger\u00e7ekle\u015ftirilebilen bir \u00fcretim tarz\u0131 olan fason sisteminde ayakkab\u0131 \u00fcr\u00fcn\u00fc ba\u015fta olmak \u00fczere bir\u00e7ok dalda \u00fcretim ger\u00e7ekle\u015fmektedir. G\u00fcn\u00fcm\u00fczde \u00f6zellikle spor ayakkab\u0131lar\u0131n\u0131n y\u00fcksek maliyetli olmas\u0131 nedeni ile olduk\u00e7a pahal\u0131 olan ayakkab\u0131lar\u0131n daha uygun bir \u015fekilde \u00fcretilmesine olanak tan\u0131yan fason spor ayakkab\u0131 \u00fcretim \u015fekli ile daha uygun fiyata ayakkab\u0131lar\u0131n ortaya \u00e7\u0131kmas\u0131na olanak sa\u011flanmaktad\u0131r. Bir\u00e7ok firma taraf\u0131ndan ba\u015fvurulan fason ayakkab\u0131 i\u015flemi Ultra ayakkab\u0131 firmas\u0131 taraf\u0131ndan profesyonel bir \u015fekilde ger\u00e7ekle\u015fmektedir.\r\n\r\nGerek deri kesim gerek ise stropel dikim gibi bir\u00e7ok \u00f6zellik ile ger\u00e7ekle\u015ftirilen fason imalat sistemi d\u00fcnyaca \u00fcnl\u00fc markalar taraf\u0131ndan ba\u015fvurulan bir imalat \u015fekli olarak bilinmektedir. Spor ayakkab\u0131lar\u0131n daha uzun vadeli kullan\u0131m\u0131 ve spor ayakkab\u0131 \u00fcretiminde kullan\u0131lan maliyetlerin olduk\u00e7a y\u00fcksek olmas\u0131 nedeni kullan\u0131lan bir y\u00f6ntem olan bu \u00fcretim tarz\u0131 Ultra ayakkab\u0131 firmas\u0131 taraf\u0131ndan \u0130stanbul hizmet b\u00f6lgesinde ger\u00e7ekle\u015fmektedir. Bu \u00fcretim modelinin ortaya \u00e7\u0131kmas\u0131 nedeni ile \u00fclkemizde ve genel a\u00e7\u0131dan bak\u0131larak t\u00fcm d\u00fcnyada bir\u00e7ok tekstil, ayakkab\u0131 ve \u00e7anta gibi \u00fcr\u00fcnlerin \u00fcretiminde b\u00fcy\u00fck kazan\u00e7lar\u0131n ortaya \u00e7\u0131kmas\u0131na da olanak sa\u011flanmaktad\u0131r. Fason i\u015f\u00e7ili\u011finin daha az maliyetli olmas\u0131 ve bu i\u015f\u00e7ili\u011fin olduk\u00e7a ba\u015far\u0131l\u0131 sonu\u00e7lar ortaya \u00e7\u0131karmas\u0131 nedeni ile de fason spor ayakkab\u0131 \u00fcretimleri daha s\u0131k ger\u00e7ekle\u015fmesine yol a\u00e7maktad\u0131r.\r\n\r\nFason Spor Ayakkab\u0131 \u0130malat\u0131\r\nFason ayakkab\u0131 imalat\u0131, \u00fclkemizde en \u00e7ok kullan\u0131lan imalat y\u00f6ntemi olarak kar\u015f\u0131m\u0131za \u00e7\u0131kmaktad\u0131r. \u00d6zellikle son y\u0131llarda daha uygun maliyetli olmas\u0131 nedeni ile daha \u00e7ok kullan\u0131lan bir imalat y\u00f6ntemi olan fason imalat sistemi, yurtd\u0131\u015f\u0131nda ve yurti\u00e7inde pop\u00fcler bir durum niteli\u011fi ta\u015f\u0131maktad\u0131r. Belli firmalar taraf\u0131ndan ger\u00e7ekle\u015ftirilen bu imalat sisteminde baz\u0131 belli ba\u015fl\u0131 markalar\u0131n ya da firmalar\u0131n \u00fcr\u00fcnlerini, firmalar\u0131n istedi\u011fi kadar ve istedi\u011fi \u015fekilde ba\u015fka bir di\u011fer firman\u0131n \u00fcretmesini istemesi ile ger\u00e7ekle\u015fen \u00fcretim \u015feklidir.\t\t<\/div>\n\t\t\t\t<\/div>\n\t\t\t\t<\/div>\n\t\t\t\t<\/div>\n\t\t","protected":false},"excerpt":{"rendered":"<p>Fason Spor Ayakkab\u0131 \u0130malat\u0131 \u00dclkemizde ve hatta yurtd\u0131\u015f\u0131nda olduk\u00e7a yayg\u0131n olarak ba\u015fvurulan bir y\u00f6ntem olan fason sistemi bir\u00e7ok konuda firmalara avantaj ve kolayl\u0131k sa\u011flamaktad\u0131r. Her t\u00fcrl\u00fc a\u00e7\u0131dan ger\u00e7ekle\u015ftirilebilen bir \u00fcretim tarz\u0131 olan fason sisteminde ayakkab\u0131 \u00fcr\u00fcn\u00fc ba\u015fta olmak \u00fczere bir\u00e7ok dalda \u00fcretim ger\u00e7ekle\u015fmektedir. G\u00fcn\u00fcm\u00fczde \u00f6zellikle spor ayakkab\u0131lar\u0131n\u0131n y\u00fcksek maliyetli olmas\u0131 nedeni ile olduk\u00e7a pahal\u0131 olan&#8230;<\/p>\n","protected":false},"author":1,"featured_media":0,"parent":0,"menu_order":0,"comment_status":"closed","ping_status":"closed","template":"template-builder.php","meta":{"footnotes":""},"class_list":["post-5094","page","type-page","status-publish","hentry"],"_links":{"self":[{"href":"https:\/\/rimaayakkabi.com\/v1\/wp-json\/wp\/v2\/pages\/5094","targetHints":{"allow":["GET"]}}],"collection":[{"href":"https:\/\/rimaayakkabi.com\/v1\/wp-json\/wp\/v2\/pages"}],"about":[{"href":"https:\/\/rimaayakkabi.com\/v1\/wp-json\/wp\/v2\/types\/page"}],"author":[{"embeddable":true,"href":"https:\/\/rimaayakkabi.com\/v1\/wp-json\/wp\/v2\/users\/1"}],"replies":[{"embeddable":true,"href":"https:\/\/rimaayakkabi.com\/v1\/wp-json\/wp\/v2\/comments?post=5094"}],"version-history":[{"count":7,"href":"https:\/\/rimaayakkabi.com\/v1\/wp-json\/wp\/v2\/pages\/5094\/revisions"}],"predecessor-version":[{"id":5102,"href":"https:\/\/rimaayakkabi.com\/v1\/wp-json\/wp\/v2\/pages\/5094\/revisions\/5102"}],"wp:attachment":[{"href":"https:\/\/rimaayakkabi.com\/v1\/wp-json\/wp\/v2\/media?parent=5094"}],"curies":[{"name":"wp","href":"https:\/\/api.w.org\/{rel}","templated":true}]}}