{"id":5103,"date":"2024-10-03T09:03:01","date_gmt":"2024-10-03T09:03:01","guid":{"rendered":"https:\/\/rimaayakkabi.com\/v1\/?page_id=5103"},"modified":"2024-10-03T09:05:03","modified_gmt":"2024-10-03T09:05:03","slug":"fason-is-ayakkabisi-imalati","status":"publish","type":"page","link":"https:\/\/rimaayakkabi.com\/v1\/fason-is-ayakkabisi-imalati\/","title":{"rendered":"Fason \u0130\u015f Ayakkab\u0131s\u0131 \u0130malat\u0131"},"content":{"rendered":"\t\t<div data-elementor-type=\"wp-page\" data-elementor-id=\"5103\" class=\"elementor elementor-5103\">\n\t\t\t\t<div class=\"elementor-element elementor-element-fe8855e e-con-full e-flex e-con e-parent\" data-id=\"fe8855e\" data-element_type=\"container\">\n\t\t\t\t<div class=\"elementor-element elementor-element-138e093 elementor-widget elementor-widget-html\" data-id=\"138e093\" data-element_type=\"widget\" data-widget_type=\"html.default\">\n\t\t\t\t<div class=\"elementor-widget-container\">\n\t\t\t<h1>Fason \u0130\u015f Ayakkab\u0131s\u0131 \u0130malat\u0131<\/h1>\r\n\r\nBir\u00e7ok ki\u015fi ve bir\u00e7ok kurum veya da firma, marka taraf\u0131ndan bilinen fason imalat sisteminin genel tan\u0131m\u0131 ise \u015f\u00f6yledir; imalat\u0131 yap\u0131lacak olan \u00fcr\u00fcnlerin, malzemeleri marka veya da firma sahibi taraf\u0131ndan kar\u015f\u0131lanmas\u0131 ile ba\u015fka bir firmaya bu \u00fcr\u00fcnlerin yapt\u0131r\u0131lma i\u015flemine fason imalat sistemi denmektedir. Yurtd\u0131\u015f\u0131nda bir\u00e7ok d\u00fcnyaca \u00fcnl\u00fc markalar taraf\u0131nda olduk\u00e7a yayg\u0131n olarak kullan\u0131lan bir y\u00f6ntem olan bu fason \u00fcretim \u015fekli ile her alanda avantajl\u0131 \u00fcretim ortaya \u00e7\u0131kar\u0131lmaktad\u0131r. T\u00fcrkiye\u2019de de olduk\u00e7a yayg\u0131n olarak kullan\u0131lmakta olan bir \u00fcretim \u015fekli olarak bilinmektedir. T\u0131pk\u0131 yurtd\u0131\u015f\u0131 gibi her alanda imalat sa\u011flanan bu fason imalat sistemi, ayr\u0131ca er t\u00fcrl\u00fc konuda firmalara b\u00fcy\u00fck olanaklar da sa\u011flamaktad\u0131r.\r\n\r\nG\u00fcn\u00fcm\u00fczde bir\u00e7ok kurum taraf\u0131ndan i\u015f\u00e7ilere kar\u015f\u0131 sa\u011flanan i\u015f ayakkab\u0131lar\u0131n\u0131n toptan bir \u015fekilde al\u0131nmas\u0131 nedeni ile ve daha avantajl\u0131 olmas\u0131 nedeni ile fason i\u015f ayakkab\u0131s\u0131 imalat\u0131 ger\u00e7ekle\u015fmektedir. Fason i\u015f\u00e7ilikte ba\u015far\u0131l\u0131 sonu\u00e7lara imza atmas\u0131 nedeni ile de bilinen Ultra ayakkab\u0131 firmas\u0131 bu konuda da kurumlara yard\u0131mc\u0131 bir hizmet sa\u011flamaktad\u0131r. Her t\u00fcrl\u00fc a\u00e7\u0131dan ger\u00e7ekle\u015ftirilebilen bir \u00fcretim tarz\u0131 olan fason sisteminde ayakkab\u0131 \u00fcr\u00fcn\u00fc ba\u015fta olmak \u00fczere bir\u00e7ok dalda \u00fcretim ger\u00e7ekle\u015ftirmesinin yan\u0131 s\u0131ra sa\u011flad\u0131\u011f\u0131 KDV avantaj\u0131 ve imalattaki avantaj neticesi ile sekt\u00f6rde en \u00e7ok tercih edilen bir \u00fcretim sistemidir. \u0130\u015f\u00e7ilere kar\u015f\u0131 sa\u011flanan bu olanak ile de hem i\u015f\u00e7ilerin hem de i\u015f verenlerin y\u00fck\u00fcn\u00fc hafifletmektedir. Fason ayakkab\u0131 modelleri olduk\u00e7a r\u00f6van\u015fta olan bir \u00fcretim sistemi halini alm\u0131\u015ft\u0131r.\r\n\r\nFason \u0130\u015f Ayakkab\u0131s\u0131 \u00dcretimi ve Dikimi\r\nFason i\u015f ayakkab\u0131s\u0131 \u00fcretimi i\u00e7in i\u015f verenler taraf\u0131ndan yap\u0131lmas\u0131 istenilen ayakkab\u0131lar\u0131n sipari\u015finin firmaya verilmesi ile dikilmeye ba\u015flayarak \u00fcretilmektedir. Bu i\u015flem s\u0131ras\u0131nda Ultra ayakkab\u0131 sayac\u0131l\u0131k i\u015flemi de devreye girerek yap\u0131lmakta olan \u00e7oklu say\u0131daki i\u015f ayakkab\u0131lar\u0131n\u0131n daha g\u00fcvenli bir \u015fekilde sipari\u015f veren kuruma ula\u015fmas\u0131 sa\u011flan\u0131r. Bu durum bir\u00e7ok firman\u0131n yani i\u015f yerlerinin y\u00fck\u00fcn\u00fc hafifleten bir i\u015flem olarak bilinmektedir. Fason ayakkab\u0131 olarak \u00fcretilen bu ayakkab\u0131lar orijinalden farks\u0131z olarak \u00fcretilmektedir. T\u0131pk\u0131 markalar\u0131n malzemeleri firmaya verip fason olarak \u00fcretilmesini istedi\u011fi ayakkab\u0131lar gibi i\u015f ayakkab\u0131lar\u0131 da \u00fcretilmektedir.\r\n\r\nBu i\u015f ayakkab\u0131lar\u0131 spor ayakkab\u0131, topuklu ayakkab\u0131 veya da bot \u015feklinde \u00fcretilerek ger\u00e7ekle\u015ftirilmektedir. \u0130\u015f ko\u015fullar\u0131na ve i\u015f yerlerinin istedi\u011fi modellere g\u00f6re \u00fcretilen bu ayakkab\u0131lar\u0131n dikimi ise, ayakkab\u0131 kal\u0131plar\u0131 \u00fczerinde belirlenmi\u015f olan ayakkab\u0131 modellerine g\u00f6re dikilmektedir\t\t<\/div>\n\t\t\t\t<\/div>\n\t\t\t\t<\/div>\n\t\t\t\t<\/div>\n\t\t","protected":false},"excerpt":{"rendered":"<p>Fason \u0130\u015f Ayakkab\u0131s\u0131 \u0130malat\u0131 Bir\u00e7ok ki\u015fi ve bir\u00e7ok kurum veya da firma, marka taraf\u0131ndan bilinen fason imalat sisteminin genel tan\u0131m\u0131 ise \u015f\u00f6yledir; imalat\u0131 yap\u0131lacak olan \u00fcr\u00fcnlerin, malzemeleri marka veya da firma sahibi taraf\u0131ndan kar\u015f\u0131lanmas\u0131 ile ba\u015fka bir firmaya bu \u00fcr\u00fcnlerin yapt\u0131r\u0131lma i\u015flemine fason imalat sistemi denmektedir. Yurtd\u0131\u015f\u0131nda bir\u00e7ok d\u00fcnyaca \u00fcnl\u00fc markalar taraf\u0131nda olduk\u00e7a yayg\u0131n olarak&#8230;<\/p>\n","protected":false},"author":1,"featured_media":0,"parent":0,"menu_order":0,"comment_status":"closed","ping_status":"closed","template":"template-builder.php","meta":{"footnotes":""},"class_list":["post-5103","page","type-page","status-publish","hentry"],"_links":{"self":[{"href":"https:\/\/rimaayakkabi.com\/v1\/wp-json\/wp\/v2\/pages\/5103","targetHints":{"allow":["GET"]}}],"collection":[{"href":"https:\/\/rimaayakkabi.com\/v1\/wp-json\/wp\/v2\/pages"}],"about":[{"href":"https:\/\/rimaayakkabi.com\/v1\/wp-json\/wp\/v2\/types\/page"}],"author":[{"embeddable":true,"href":"https:\/\/rimaayakkabi.com\/v1\/wp-json\/wp\/v2\/users\/1"}],"replies":[{"embeddable":true,"href":"https:\/\/rimaayakkabi.com\/v1\/wp-json\/wp\/v2\/comments?post=5103"}],"version-history":[{"count":7,"href":"https:\/\/rimaayakkabi.com\/v1\/wp-json\/wp\/v2\/pages\/5103\/revisions"}],"predecessor-version":[{"id":5111,"href":"https:\/\/rimaayakkabi.com\/v1\/wp-json\/wp\/v2\/pages\/5103\/revisions\/5111"}],"wp:attachment":[{"href":"https:\/\/rimaayakkabi.com\/v1\/wp-json\/wp\/v2\/media?parent=5103"}],"curies":[{"name":"wp","href":"https:\/\/api.w.org\/{rel}","templated":true}]}}