{"id":5112,"date":"2024-10-03T09:09:52","date_gmt":"2024-10-03T09:09:52","guid":{"rendered":"https:\/\/rimaayakkabi.com\/v1\/?page_id=5112"},"modified":"2024-10-03T09:11:50","modified_gmt":"2024-10-03T09:11:50","slug":"fason-bot-deri-ayakkabi-imalati","status":"publish","type":"page","link":"https:\/\/rimaayakkabi.com\/v1\/fason-bot-deri-ayakkabi-imalati\/","title":{"rendered":"Fason Bot Deri Ayakkab\u0131 \u0130malat\u0131"},"content":{"rendered":"\t\t<div data-elementor-type=\"wp-page\" data-elementor-id=\"5112\" class=\"elementor elementor-5112\">\n\t\t\t\t<div class=\"elementor-element elementor-element-bc0b70f e-con-full e-flex e-con e-parent\" data-id=\"bc0b70f\" data-element_type=\"container\">\n\t\t\t\t<div class=\"elementor-element elementor-element-f19e8be elementor-widget elementor-widget-html\" data-id=\"f19e8be\" data-element_type=\"widget\" data-widget_type=\"html.default\">\n\t\t\t\t<div class=\"elementor-widget-container\">\n\t\t\t<h1>Fason Bot Deri Ayakkab\u0131 \u0130malat\u0131<\/h1>\r\n\r\nYurtd\u0131\u015f\u0131nda ve yurti\u00e7inde olmak \u00fczere bir\u00e7ok yerde ger\u00e7ekle\u015ftirilen fason \u00fcretimi her alanda aktif bir \u015fekilde faaliyet g\u00f6stermektedir. Bunlar\u0131n aras\u0131nda en yayg\u0131n olarak \u00fcretilmekte olan ayakkab\u0131 modelleri yer almaktad\u0131r. \u0130nsanlar s\u00fcrekli olarak y\u00fcksek paralar \u00f6dedi\u011fi ayakkab\u0131lar\u0131n \u00fcretimlerinde maliyetlerin daha y\u00fcksek olmas\u0131 nedeni ile firmalar fiyatlara kar\u015f\u0131 bir y\u00fckseltme ya\u015fatmaktad\u0131rlar. Fakat fason \u00fcretim modeli bu durum bir nebzede olsa ortadan kalkarak daha az maliyetli \u00fcretimler ger\u00e7ekle\u015fmektedir. Fason ayakkab\u0131 modelleri aras\u0131nda yer alan deri bot ayakkab\u0131 modelleri ve saya dikim ile kolay bir \u015fekilde deri kesim ve fason dikim ger\u00e7ekle\u015ftirerek, deri botlar\u0131n ortaya \u00e7\u0131kmas\u0131na olanak sa\u011flanmaktad\u0131r. Ultra ayakkab\u0131 firmas\u0131 \u0130stanbul'da deri saya i\u015flemini ve daha fazlas\u0131n\u0131 ger\u00e7ekle\u015ftirerek bir\u00e7ok firmaya hizmet vermektedir.\r\n\r\nFason Bot Deri Ayakkab\u0131 \u0130malat\u0131\r\nG\u00fcn\u00fcm\u00fczde bir\u00e7ok firma taraf\u0131ndan ger\u00e7ekle\u015ftirilmek olan deri ayakkab\u0131 imalatlar\u0131 aras\u0131nda yer alan fason bot deri ayakkab\u0131 imalatlar\u0131, di\u011fer fason imalat y\u00f6ntemleri ile ayn\u0131 i\u015fleyi\u015fe hakim olmaktad\u0131r. Firmalar\u0131n satmay\u0131 planlam\u0131\u015f oldu\u011fu \u00fcr\u00fcnlerin bir ba\u015fka firma taraf\u0131ndan fason olarak imalat\u0131n\u0131n ger\u00e7ekle\u015fmesini istemesi ve bu i\u015flemi ger\u00e7ekle\u015ftirmesi i\u015flemine denmektedir. Fason ayakkab\u0131 imalat\u0131 fason i\u015f\u00e7ilikte de sa\u011flad\u0131\u011f\u0131 kolayl\u0131k ve ba\u015far\u0131l\u0131 sonu\u00e7lar neticesiyle fason deri kesim ve fason dikim i\u015flemi ger\u00e7ekle\u015ftirilmektedir. Bu sayede de bir\u00e7ok imalat \u015fekline g\u00f6re bu fason imalat \u015fekli daha uygun maliyetli bir sonu\u00e7 ortaya \u00e7\u0131karmaktad\u0131r. Deri botlar \u00fclkemizde olduk\u00e7a pahal\u0131 olmas\u0131 nedeni ile fason olarak \u00fcretilen deri botlara daha \u00e7ok ilgi duyularak bir ra\u011fbet s\u00f6z konusu olmaktad\u0131r. Bu nedenle ve bu durumun yan\u0131nda KDV avantaj\u0131 ile de sekt\u00f6rde bir\u00e7ok firma fason bot deri ayakkab\u0131 imalat\u0131n\u0131 tercih etmektedir. Ultra ayakkab\u0131 firmas\u0131 bu fason imalat y\u00f6nteminde bir\u00e7ok firmaya ve bir\u00e7ok markaya hizmet sa\u011flayarak sekt\u00f6rde bilindik ve g\u00fcvenilir bir fason \u00fcretim ger\u00e7ekle\u015ftiren ayakkab\u0131 firmas\u0131 olmaktad\u0131r.\t\t<\/div>\n\t\t\t\t<\/div>\n\t\t\t\t<\/div>\n\t\t\t\t<\/div>\n\t\t","protected":false},"excerpt":{"rendered":"<p>Fason Bot Deri Ayakkab\u0131 \u0130malat\u0131 Yurtd\u0131\u015f\u0131nda ve yurti\u00e7inde olmak \u00fczere bir\u00e7ok yerde ger\u00e7ekle\u015ftirilen fason \u00fcretimi her alanda aktif bir \u015fekilde faaliyet g\u00f6stermektedir. Bunlar\u0131n aras\u0131nda en yayg\u0131n olarak \u00fcretilmekte olan ayakkab\u0131 modelleri yer almaktad\u0131r. \u0130nsanlar s\u00fcrekli olarak y\u00fcksek paralar \u00f6dedi\u011fi ayakkab\u0131lar\u0131n \u00fcretimlerinde maliyetlerin daha y\u00fcksek olmas\u0131 nedeni ile firmalar fiyatlara kar\u015f\u0131 bir y\u00fckseltme ya\u015fatmaktad\u0131rlar. Fakat fason&#8230;<\/p>\n","protected":false},"author":1,"featured_media":0,"parent":0,"menu_order":0,"comment_status":"closed","ping_status":"closed","template":"template-builder.php","meta":{"footnotes":""},"class_list":["post-5112","page","type-page","status-publish","hentry"],"_links":{"self":[{"href":"https:\/\/rimaayakkabi.com\/v1\/wp-json\/wp\/v2\/pages\/5112","targetHints":{"allow":["GET"]}}],"collection":[{"href":"https:\/\/rimaayakkabi.com\/v1\/wp-json\/wp\/v2\/pages"}],"about":[{"href":"https:\/\/rimaayakkabi.com\/v1\/wp-json\/wp\/v2\/types\/page"}],"author":[{"embeddable":true,"href":"https:\/\/rimaayakkabi.com\/v1\/wp-json\/wp\/v2\/users\/1"}],"replies":[{"embeddable":true,"href":"https:\/\/rimaayakkabi.com\/v1\/wp-json\/wp\/v2\/comments?post=5112"}],"version-history":[{"count":4,"href":"https:\/\/rimaayakkabi.com\/v1\/wp-json\/wp\/v2\/pages\/5112\/revisions"}],"predecessor-version":[{"id":5116,"href":"https:\/\/rimaayakkabi.com\/v1\/wp-json\/wp\/v2\/pages\/5112\/revisions\/5116"}],"wp:attachment":[{"href":"https:\/\/rimaayakkabi.com\/v1\/wp-json\/wp\/v2\/media?parent=5112"}],"curies":[{"name":"wp","href":"https:\/\/api.w.org\/{rel}","templated":true}]}}